{"id":5272,"date":"2025-05-22T16:24:22","date_gmt":"2025-05-22T12:24:22","guid":{"rendered":"https:\/\/www.microselfstorage.co\/politica-de-cancelacion\/"},"modified":"2025-05-22T16:25:02","modified_gmt":"2025-05-22T12:25:02","slug":"politica-de-cancelacion","status":"publish","type":"page","link":"https:\/\/www.microselfstorage.co\/es\/politica-de-cancelacion\/","title":{"rendered":"Pol\u00edtica de cancelaci\u00f3n"},"content":{"rendered":"\n<h3 class=\"wp-block-heading\"><strong>Pol\u00edtica de cancelaci\u00f3n<\/strong><\/h3>\n\n<p>El contrato de alquiler de almacenamiento permanecer\u00e1 en vigor hasta que sea rescindido o cancelado por el Arrendador (MicroSelfStorage) o el Arrendatario (el cliente).<\/p>\n\n<p><strong>1. Notificaci\u00f3n de rescisi\u00f3n:<\/strong> Cualquiera de las partes puede solicitar la rescisi\u00f3n de este acuerdo con <strong>un preaviso por escrito de 5-10 d\u00edas<\/strong>. Esta notificaci\u00f3n debe realizarse por escrito a trav\u00e9s de la direcci\u00f3n de correo electr\u00f3nico registrada o enviando un mensaje a la oficina. <\/p>\n\n<p><strong>2. Responsabilidades del Arrendatario en caso de rescisi\u00f3n:<\/strong> En caso de cancelaci\u00f3n o rescisi\u00f3n del contrato de alquiler de almac\u00e9n, el Arrendatario est\u00e1 obligado a:<\/p>\n\n<ul class=\"wp-block-list\">\n<li>Desaloja la unidad de almacenamiento en la fecha de finalizaci\u00f3n o antes.<\/li>\n\n\n\n<li>Vac\u00eda, limpia y devuelve la unidad en buen estado en un plazo de <strong>24 horas<\/strong> tras la finalizaci\u00f3n del acuerdo.<\/li>\n\n\n\n<li>Cualquier propiedad que permanezca en la unidad despu\u00e9s de este periodo de 24 horas pasar\u00e1 a ser propiedad del Arrendador.<\/li>\n<\/ul>\n\n<p><strong>3. Derecho de Rescisi\u00f3n Inmediata del Arrendador:<\/strong> MicroSelfStorage, como Arrendador, se reserva el derecho a rescindir este contrato <strong>inmediatamente<\/strong> si el Arrendatario incumple alguna disposici\u00f3n de las condiciones<strong>.4. Contratos Anuales y Conversi\u00f3n Mes a Mes:<\/strong> Cuando finaliza un contrato anual, el acuerdo pasa autom\u00e1ticamente a ser mensual. En este momento, los precios est\u00e1n sujetos a cambios con un preaviso de 30 d\u00edas. <\/p>\n","protected":false},"excerpt":{"rendered":"<p>Pol\u00edtica de cancelaci\u00f3n El contrato de alquiler de almacenamiento permanecer\u00e1 en vigor hasta que sea rescindido o cancelado por el Arrendador (MicroSelfStorage) o el Arrendatario (el cliente). 1. Notificaci\u00f3n de rescisi\u00f3n: Cualquiera de las partes puede solicitar la rescisi\u00f3n de este acuerdo con un preaviso por escrito de 5-10 d\u00edas. Esta notificaci\u00f3n debe realizarse por [&hellip;]<\/p>\n","protected":false},"author":1,"featured_media":0,"parent":0,"menu_order":0,"comment_status":"closed","ping_status":"closed","template":"","meta":{"_joinchat":[],"footnotes":""},"class_list":["post-5272","page","type-page","status-publish","hentry"],"_links":{"self":[{"href":"https:\/\/www.microselfstorage.co\/es\/wp-json\/wp\/v2\/pages\/5272","targetHints":{"allow":["GET"]}}],"collection":[{"href":"https:\/\/www.microselfstorage.co\/es\/wp-json\/wp\/v2\/pages"}],"about":[{"href":"https:\/\/www.microselfstorage.co\/es\/wp-json\/wp\/v2\/types\/page"}],"author":[{"embeddable":true,"href":"https:\/\/www.microselfstorage.co\/es\/wp-json\/wp\/v2\/users\/1"}],"replies":[{"embeddable":true,"href":"https:\/\/www.microselfstorage.co\/es\/wp-json\/wp\/v2\/comments?post=5272"}],"version-history":[{"count":3,"href":"https:\/\/www.microselfstorage.co\/es\/wp-json\/wp\/v2\/pages\/5272\/revisions"}],"predecessor-version":[{"id":5275,"href":"https:\/\/www.microselfstorage.co\/es\/wp-json\/wp\/v2\/pages\/5272\/revisions\/5275"}],"wp:attachment":[{"href":"https:\/\/www.microselfstorage.co\/es\/wp-json\/wp\/v2\/media?parent=5272"}],"curies":[{"name":"wp","href":"https:\/\/api.w.org\/{rel}","templated":true}]}}