{"id":5268,"date":"2024-11-20T19:03:39","date_gmt":"2024-11-20T15:03:39","guid":{"rendered":"https:\/\/www.microselfstorage.co\/politica-de-privacidad\/"},"modified":"2025-05-22T16:22:48","modified_gmt":"2025-05-22T12:22:48","slug":"politica-de-privacidad","status":"publish","type":"page","link":"https:\/\/www.microselfstorage.co\/es\/politica-de-privacidad\/","title":{"rendered":"Pol\u00edtica de privacidad"},"content":{"rendered":"\n<h3 class=\"wp-block-heading\"><strong>Pol\u00edtica de privacidad de MicroSelfStorage<\/strong><\/h3>\n\n<p>En MicroSelfStorage, nos comprometemos a proteger tu privacidad y a garantizar la seguridad de tus datos personales. Esta pol\u00edtica describe c\u00f3mo recopilamos, utilizamos y salvaguardamos tu informaci\u00f3n de acuerdo con la legislaci\u00f3n dominicana. <\/p>\n\n<p><strong>1. Nuestro compromiso con la privacidad de los datos<\/strong> Nos comprometemos a mantener todos los datos de los clientes seguros y protegidos, tal y como establece la Ley dominicana n.\u00ba 172-13. Todos los datos personales recopilados se tratan con la m\u00e1xima confidencialidad y cuidado. <\/p>\n\n<p><strong>2. Informaci\u00f3n que recopilamos<\/strong> Cuando celebras un contrato de alquiler de una unidad de almacenamiento con MicroSelfStorage, recopilamos la informaci\u00f3n personal necesaria para el contrato y para gestionar tu alquiler. Esto incluye: <\/p>\n\n<ul class=\"wp-block-list\">\n<li>Nombre y apellidos<\/li>\n\n\n\n<li>Direcci\u00f3n permanente (l\u00ednea de direcci\u00f3n 1, l\u00ednea de direcci\u00f3n 2, ciudad, estado, c\u00f3digo postal)<\/li>\n\n\n\n<li>N\u00fameros de tel\u00e9fono<\/li>\n\n\n\n<li>Direcci\u00f3n de correo electr\u00f3nico (obligatorio)<\/li>\n\n\n\n<li>N\u00famero de pasaporte o c\u00e9dula<\/li>\n\n\n\n<li>Direcci\u00f3n local (Residencial o Condominio, L\u00ednea de direcci\u00f3n 1, L\u00ednea de direcci\u00f3n 2, Ciudad, Provincia, C\u00f3digo postal)<\/li>\n\n\n\n<li>Datos del contacto de emergencia o de la segunda persona (nombre completo, tel\u00e9fono, n\u00famero de DNI, parentesco, correo electr\u00f3nico)<\/li>\n<\/ul>\n\n<p><strong>3. C\u00f3mo utilizamos tu informaci\u00f3n<\/strong> Tus datos personales se recogen y utilizan para los siguientes fines:<\/p>\n\n<ul class=\"wp-block-list\">\n<li>Formalizar y gestionar el contrato de alquiler de tu unidad de almacenamiento.<\/li>\n\n\n\n<li>Para a\u00f1adir tus datos personales a nuestro sistema de reservas online con el fin de mantener un registro seguro y confirmar tu reserva.<\/li>\n\n\n\n<li>Para facilitar la comunicaci\u00f3n y los avisos necesarios en relaci\u00f3n con tu contrato de alquiler.<\/li>\n\n\n\n<li>Registrar los datos de cualquier persona que autorices a acceder a tu unidad de almacenamiento, exigiendo una copia clara de su documento de identidad expedido por el gobierno.<\/li>\n<\/ul>\n\n<p><strong>4. Seguridad de los datos<\/strong> Empleamos medidas para mantener seguros todos los datos de los clientes. Cuando se firma el contrato, todos los datos personales se a\u00f1aden a nuestro sistema de reservas en l\u00ednea para garantizar que los registros se guardan de forma segura. <\/p>\n\n<p><strong>5. Cumplimiento<\/strong> legal Nuestras pr\u00e1cticas de privacidad de datos cumplen estrictamente la Ley dominicana n\u00ba 172-13.<\/p>\n\n<p><strong>6. Actualizaciones de la informaci\u00f3n de contacto<\/strong> Si necesitas actualizar tu informaci\u00f3n de contacto personal (direcci\u00f3n, tel\u00e9fono o correo electr\u00f3nico), debes notific\u00e1rnoslo por escrito utilizando el correo electr\u00f3nico o el n\u00famero de tel\u00e9fono que figuran en tus archivos. Esto garantiza que todas las comunicaciones y notificaciones oficiales puedan llegarte de forma efectiva. <\/p>\n","protected":false},"excerpt":{"rendered":"<p>Pol\u00edtica de privacidad de MicroSelfStorage En MicroSelfStorage, nos comprometemos a proteger tu privacidad y a garantizar la seguridad de tus datos personales. Esta pol\u00edtica describe c\u00f3mo recopilamos, utilizamos y salvaguardamos tu informaci\u00f3n de acuerdo con la legislaci\u00f3n dominicana. 1. Nuestro compromiso con la privacidad de los datos Nos comprometemos a mantener todos los datos de [&hellip;]<\/p>\n","protected":false},"author":1,"featured_media":0,"parent":0,"menu_order":0,"comment_status":"closed","ping_status":"closed","template":"","meta":{"_joinchat":[],"footnotes":""},"class_list":["post-5268","page","type-page","status-publish","hentry"],"_links":{"self":[{"href":"https:\/\/www.microselfstorage.co\/es\/wp-json\/wp\/v2\/pages\/5268","targetHints":{"allow":["GET"]}}],"collection":[{"href":"https:\/\/www.microselfstorage.co\/es\/wp-json\/wp\/v2\/pages"}],"about":[{"href":"https:\/\/www.microselfstorage.co\/es\/wp-json\/wp\/v2\/types\/page"}],"author":[{"embeddable":true,"href":"https:\/\/www.microselfstorage.co\/es\/wp-json\/wp\/v2\/users\/1"}],"replies":[{"embeddable":true,"href":"https:\/\/www.microselfstorage.co\/es\/wp-json\/wp\/v2\/comments?post=5268"}],"version-history":[{"count":1,"href":"https:\/\/www.microselfstorage.co\/es\/wp-json\/wp\/v2\/pages\/5268\/revisions"}],"predecessor-version":[{"id":5269,"href":"https:\/\/www.microselfstorage.co\/es\/wp-json\/wp\/v2\/pages\/5268\/revisions\/5269"}],"wp:attachment":[{"href":"https:\/\/www.microselfstorage.co\/es\/wp-json\/wp\/v2\/media?parent=5268"}],"curies":[{"name":"wp","href":"https:\/\/api.w.org\/{rel}","templated":true}]}}