{"id":4608,"date":"2018-07-27T11:57:02","date_gmt":"2018-07-27T07:57:02","guid":{"rendered":"https:\/\/sosuastorage.cloudnine.com.do\/pagina-3\/"},"modified":"2025-01-14T20:50:07","modified_gmt":"2025-01-14T16:50:07","slug":"pagina-3","status":"publish","type":"page","link":"https:\/\/www.microselfstorage.co\/es\/","title":{"rendered":"Inicio"},"content":{"rendered":"<div class=\"wpb-content-wrapper\">[vc_row full_width=\u00bbstretch_row\u00bb css=\u00bb.vc_custom_1727884092540{padding-top: 80px !important;padding-bottom: 80px !important;background-color: #293995 !important;}\u00bb][vc_column][vc_column_text css=\u00bb\u00bb]\n<h2 style=\"text-align: center;\"><span style=\"color: #ffffff;\">El Espacio Extra que Necesitas, con la Protecci\u00f3n que Mereces <\/span><\/h2>\n<p style=\"text-align: center;\"><span style=\"color: #ffffff;\">Microselfstorage es tu soluci\u00f3n de confianza para un almacenamiento c\u00f3modo y seguro en Sos\u00faa, Rep\u00fablica Dominicana. Tanto si est\u00e1s reduciendo tu tama\u00f1o, mud\u00e1ndote o simplemente necesitas espacio extra, nuestras modernas instalaciones ofrecen una variedad de opciones de almacenamiento que se adaptan a tus necesidades. <\/span><\/p>\n<p>&nbsp;[\/vc_column_text][\/vc_column][vc_column][vc_row_inner][vc_column_inner width=\u00bb1\/4&#8243;][vc_column_text css=\u00bb\u00bb]<div class=\"at-image iva_anim  align-left simple-frame inside-image\" style=\"\"  data-animation=\"Select Animation\"><div class=\"at-image-holder\" style=\"max-width:px;\"><div class=\"at-image-inner\"><img decoding=\"async\" src=\"http:\/\/www.microselfstorage.co\/wp-content\/uploads\/2024\/12\/extrasmall.jpeg\" width=\"\" height=\"\" class=\"at-image-link\" alt=\"Extra Peque\u00f1o\" style=\"object-fit:cover;\"\/><\/div><div class=\"at-image-caption\"><span class=\"at-image-caption-title\">Extra Peque\u00f1o<\/span><span class=\"at-image-caption-txt\">0-2 M3<\/span><\/div><\/div><\/div>[\/vc_column_text][\/vc_column_inner][vc_column_inner width=\u00bb1\/4&#8243;][vc_column_text css=\u00bb\u00bb]<div class=\"at-image iva_anim  align-left simple-frame inside-image\" style=\"\"  data-animation=\"Select Animation\"><div class=\"at-image-holder\" style=\"max-width:px;\"><div class=\"at-image-inner\"><img decoding=\"async\" src=\"http:\/\/www.microselfstorage.co\/wp-content\/uploads\/2024\/12\/small.jpeg\" width=\"\" height=\"\" class=\"at-image-link\" alt=\"Peque\u00f1o\" style=\"object-fit:cover;\"\/><\/div><div class=\"at-image-caption\"><span class=\"at-image-caption-title\">Peque\u00f1o<\/span><span class=\"at-image-caption-txt\">2-8 M3<\/span><\/div><\/div><\/div>[\/vc_column_text][\/vc_column_inner][vc_column_inner width=\u00bb1\/4&#8243;][vc_column_text css=\u00bb\u00bb]<div class=\"at-image iva_anim  align-left simple-frame inside-image\" style=\"\"  data-animation=\"Select Animation\"><div class=\"at-image-holder\" style=\"max-width:px;\"><div class=\"at-image-inner\"><img decoding=\"async\" src=\"http:\/\/www.microselfstorage.co\/wp-content\/uploads\/2024\/12\/medium.jpeg\" width=\"\" height=\"\" class=\"at-image-link\" alt=\"Medio \" style=\"object-fit:cover;\"\/><\/div><div class=\"at-image-caption\"><span class=\"at-image-caption-title\">Medio <\/span><span class=\"at-image-caption-txt\">8-20 M3<\/span><\/div><\/div><\/div>[\/vc_column_text][\/vc_column_inner][vc_column_inner width=\u00bb1\/4&#8243;][vc_column_text css=\u00bb\u00bb]<div class=\"at-image iva_anim  align-left simple-frame inside-image\" style=\"\"  data-animation=\"Select Animation\"><div class=\"at-image-holder\" style=\"max-width:px;\"><div class=\"at-image-inner\"><img decoding=\"async\" src=\"http:\/\/www.microselfstorage.co\/wp-content\/uploads\/2024\/12\/Large.jpeg\" width=\"\" height=\"\" class=\"at-image-link\" alt=\"Grande\" style=\"object-fit:cover;\"\/><\/div><div class=\"at-image-caption\"><span class=\"at-image-caption-title\">Grande<\/span><span class=\"at-image-caption-txt\">20-50 M3<\/span><\/div><\/div><\/div>[\/vc_column_text][\/vc_column_inner][\/vc_row_inner][vc_column_text css=\u00bb\u00bb]<div class=\"at-callOutBox\"  style=\"padding-top: 50px;padding-bottom: 50px;\"><div class=\"at-callOut_inner\"><div class=\"at-callOut-action\"><div class=\"at-callOut_text\"><div class=\"at-callout-action-icon-holder\"><i class=\"fa pe-7s-safe pe-5x \" style=\"color: #ffffff;\"><\/i><\/div><div class=\"at-callout-action-text\"  style=\"font-size:30px;color:#ffffff;font-weight:600;\" >Varias Opciones de Storage Segun tus Necesidades<div class=\"at-callout-action-subtext\"  >Elija su Unidad Ahora<\/div><\/div><\/div><div class=\"at-callOut_btn\"><div class=\"at-callout-action-button\"><a href=\"https:\/\/www.microselfstorage.co\/es\/location\/sosua-microselfstorage\/\" class=\"btn xlarge\"  style=\"color: #ffffff;background-color: #db4410;\" data-btn-bg=#db4410 data-btn-color=#ffffff data-btn-hoverBg=#db4410 ><span class=\"btn-text\">Visite Nuestra Ubicaci\u00f3n<\/span><\/a><\/div><\/div><\/div><\/div><\/div>[\/vc_column_text][\/vc_column][\/vc_row][vc_row css=\u00bb.vc_custom_1532505932766{padding-top: 80px !important;padding-bottom: 80px !important;}\u00bb][vc_column][vc_column_text css=\u00bb\u00bb]<div class=\"at-fancy-heading-v1 textcenter\"  style=\"padding-bottom:20px; padding-top:0px;\"><h2 class=\"at-fancy-title-v1 \" >Nuestro Almacenamiento Destacado<\/h2><span class=\"at-fancy-subtitle-v1\" >Our featured storage units offer exceptional value and convenience, providing you with the perfect space for your belongings.<\/span><span class=\"at-fancy-heading-v1-sep\"   style=\"\"><\/span><\/div>[\/vc_column_text][vc_row_inner][vc_column_inner width=\u00bb1\/3&#8243;][vc_column_text css=\u00bb\u00bb]<div class=\"container iva_anim\"  data-animation=\"Select Animation\"><div class=\"iva-fancy-box\"><div style=\"background-image: url(https:\/\/www.microselfstorage.co\/wp-content\/uploads\/2024\/10\/dada_design-IGgBdTWSfJ8-unsplash-scaled.jpg); \" class=\"iva-fancy-box-bg\"><\/div><div class=\"iva-fancy-box-inner\"><h3>Storage Dom\u00e9stico<\/h3><p><\/p><\/div><div class=\"iva-fancy-box-link\">Learn More<span class=\"iva-fb-arrow\"><\/span><\/div><a class=\"iva-fb-box-link\"  href=\"https:\/\/www.microselfstorage.co\/self-storage-types\/household-storage\/\" ><\/a><\/div><\/div> <div  data-animation=\"fadeIn\" class=\"fancybox  iva_anim\"  style=\"background-color:#e4ebef;\"><div class=\"boxcontent\">Guarda con seguridad tus pertenencias, desde muebles y electrodom\u00e9sticos hasta objetos personales.<br \/>\n<\/div><\/div>[\/vc_column_text][\/vc_column_inner][vc_column_inner width=\u00bb1\/3&#8243;][vc_column_text css=\u00bb\u00bb]<div class=\"container iva_anim\"  data-animation=\"Select Animation\"><div class=\"iva-fancy-box\"><div style=\"background-image: url(https:\/\/www.microselfstorage.co\/wp-content\/uploads\/2024\/10\/american-green-travel-ji5XMfO3dXY-unsplash-scaled.jpg); \" class=\"iva-fancy-box-bg\"><\/div><div class=\"iva-fancy-box-inner\"><h3>Storage de Equipajes a Largo Plazo<\/h3><p><\/p><\/div><div class=\"iva-fancy-box-link\">Learn More<span class=\"iva-fb-arrow\"><\/span><\/div><a class=\"iva-fb-box-link\"  href=\"https:\/\/www.microselfstorage.co\/self-storage-types\/luggage-long-term-storage\/\" ><\/a><\/div><\/div> <div  data-animation=\"fadeIn\" class=\"fancybox  iva_anim\"  style=\"background-color:#e4ebef;\"><div class=\"boxcontent\">Guarda c\u00f3modamente tu equipaje durante periodos prolongados, perfecto para viajeros o personas que se trasladan.<\/div><\/div>[\/vc_column_text][\/vc_column_inner][vc_column_inner width=\u00bb1\/3&#8243;][vc_column_text css=\u00bb\u00bb]<div class=\"container iva_anim\"  data-animation=\"Select Animation\"><div class=\"iva-fancy-box\"><div style=\"background-image: url(https:\/\/www.microselfstorage.co\/wp-content\/uploads\/2024\/10\/debby-hudson-u73tEFydlGk-unsplash-scaled.jpg); \" class=\"iva-fancy-box-bg\"><\/div><div class=\"iva-fancy-box-inner\"><h3>Storage de Material Deportivo<\/h3><p><\/p><\/div><div class=\"iva-fancy-box-link\">Learn More<span class=\"iva-fb-arrow\"><\/span><\/div><a class=\"iva-fb-box-link\"  href=\"https:\/\/www.microselfstorage.co\/self-storage-types\/sport-equipment-storage\/\" ><\/a><\/div><\/div> <div  data-animation=\"fadeIn\" class=\"fancybox  iva_anim\"  style=\"background-color:#e4ebef;\"><div class=\"boxcontent\"><span style=\"font-weight: 400;\">Guarda tus tablas de surf, bicicletas y otros equipos deportivos sin ocupar un valioso espacio en casa.<\/span><\/div><\/div>[\/vc_column_text][\/vc_column_inner][\/vc_row_inner][\/vc_column][\/vc_row][vc_row full_width=\u00bbstretch_row\u00bb content_type=\u00bbfull_width_bg_content\u00bb pattern=\u00bb\u00bb bg_position=\u00bbcenter_center\u00bb bg_attachment=\u00bbparallax\u00bb bg_repeat=\u00bbno-repeat\u00bb img_opacity=\u00bb0.6&#8243; bgcolor=\u00bb#000000&#8243; bgimage=\u00bb151&#8243; padding_top=\u00bb150&#8243; padding_bottom=\u00bb150&#8243; textcolor=\u00bb#ffffff\u00bb el_class=\u00bbvc_row\u00bb css=\u00bb.vc_custom_1727802538258{padding-top: 60px !important;padding-bottom: 60px !important;background-color: #293995 !important;}\u00bb][vc_column][vc_column_text css=\u00bb\u00bb]<div class=\"at-callOutBox\"  style=\"padding-top: 50px;padding-bottom: 50px;\"><div class=\"at-callOut_inner\"><div class=\"at-callOut-action\"><div class=\"at-callOut_text\"><div class=\"at-callout-action-icon-holder\"><i class=\"fa pe-7s-safe pe-5x \" style=\"color: #ffffff;\"><\/i><\/div><div class=\"at-callout-action-text\"  style=\"font-size:30px;color:#ffffff;font-weight:600;\" >Almacenamiento residencial<div class=\"at-callout-action-subtext\"  >Los inquilinos actuales pueden obtener 1 mes gratis.<\/div><\/div><\/div><div class=\"at-callOut_btn\"><div class=\"at-callout-action-button\"><a href=\"https:\/\/www.microselfstorage.co\/es\/reserva\/\" class=\"btn xlarge\"  style=\"color: #ffffff;background-color: #db4410;\" data-btn-bg=#db4410 data-btn-color=#ffffff data-btn-hoverBg=#db4410 ><span class=\"btn-text\">Reserve su Unidad Ahora<\/span><\/a><\/div><\/div><\/div><\/div><\/div>[\/vc_column_text][\/vc_column][\/vc_row][vc_row full_width=\u00bbstretch_row\u00bb css=\u00bb.vc_custom_1531307342313{padding-top: 80px !important;padding-bottom: 80px !important;background-color: #e4ebef !important;}\u00bb][vc_column width=\u00bb1\/2&#8243;][vc_column_text]<div class=\"at-image iva_anim  align-center simple-frame inside-image\" style=\"\"  data-animation=\"fadeIn\"><div class=\"at-image-holder\" style=\"max-width:550px;\"><div class=\"at-image-inner\"><img loading=\"lazy\" decoding=\"async\" src=\"https:\/\/www.microselfstorage.co\/wp-content\/uploads\/2016\/07\/couple-moving.jpg\" width=\"550\" height=\"620\" class=\"at-image-link\" alt=\"\" style=\"object-fit:cover;\"\/><\/div><\/div><\/div>[\/vc_column_text][\/vc_column][vc_column width=\u00bb1\/2&#8243;][vc_column_text css=\u00bb.vc_custom_1727908141262{background-color: #e4ebef !important;}\u00bb]<div class=\"at-fancy-heading-v1 textleft\"  style=\"padding-bottom:60px; padding-top:0px;\"><h2 class=\"at-fancy-title-v1 \" >Nuestros Trabajos<\/h2><span class=\"at-fancy-subtitle-v1\" >At MicroSelfStorage, we are committed to providing exceptional customer service and ensuring the satisfaction of our clients. Contact us today to learn more about our storage solutions and reserve your unit.<\/span><span class=\"at-fancy-heading-v1-sep\"   style=\"\"><\/span><\/div>[\/vc_column_text][vc_column_text css=\u00bb\u00bb]<div class=\"atp-services iva_anim left\"  data-animation=\"fadeIn\" ><div class=\"serviceIcn_style1\"><div class=\"services-icon\"><i class=\"services_icon1 fa fa-fw fa-2x fa fa-suitcase\" style=\"color:#db440f;\"><\/i><\/div><div class=\"services-content\" ><h3  style=\"font-size:20px;\">Pagamos y Reservamos<\/h3>Pagamos y Reservamos es un c\u00f3modo servicio que te permite pagar y reservar tu unidad de almacenamiento online, ahorr\u00e1ndote tiempo y esfuerzo.<\/div><\/div><\/div>[\/vc_column_text][vc_column_text css=\u00bb\u00bb]<div class=\"atp-services iva_anim left\"  data-animation=\"fadeIn\" ><div class=\"serviceIcn_style1\"><div class=\"services-icon\"><i class=\"services_icon1 fa fa-fw fa-2x fa fa-shopping-cart\" style=\"color:#db440f;\"><\/i><\/div><div class=\"services-content\" ><h3  style=\"font-size:20px;\">Sistema de Reservas Online<\/h3>Nuestro sistema de reservas online facilita la reserva de tu trastero desde la comodidad de tu casa. S\u00f3lo tienes que seleccionar el tama\u00f1o de la unidad que deseas, elegir la fecha de traslado y completar el proceso de reserva en l\u00ednea. <\/div><\/div><\/div>[\/vc_column_text][vc_column_text css=\u00bb\u00bb]<div class=\"atp-services iva_anim left\"  data-animation=\"fadeIn\" ><div class=\"serviceIcn_style1\"><div class=\"services-icon\"><i class=\"services_icon1 fa fa-fw fa-2x fa fa-male\" style=\"color:#db440f;\"><\/i><\/div><div class=\"services-content\" ><h3  style=\"font-size:20px;\">Sistema de Vigilancia Humana<\/h3>Nuestro sistema de vigilancia humana garantiza la seguridad de nuestras instalaciones y de tus pertenencias. Nuestro equipo de profesionales formados vigila constantemente las instalaciones para mantener un entorno seguro. <\/div><\/div><\/div>[\/vc_column_text][\/vc_column][\/vc_row][vc_row content_type=\u00bbfull_width_bg_content\u00bb pattern=\u00bb\u00bb css=\u00bb.vc_custom_1467201994367{padding-top: 100px !important;padding-bottom: 100px !important;}\u00bb padding_top=\u00bb100&#8243; padding_bottom=\u00bb100&#8243;][vc_column][vc_column_text css=\u00bb\u00bb]<div class=\"at-fancy-heading-v2 \" ><span class=\"at-fancy-subtitle-v2\"  style=\"color:#323132;\">Value, Convenience, Security and Services<\/span><h2 class=\"at-fancy-title-v2 \"  style=\"color:#323132;\">Aspectos destacados de los Servicios de MicroAlmacenamiento<\/h2><\/div>[\/vc_column_text][\/vc_column][vc_column][vc_row_inner][vc_column_inner width=\u00bb1\/4&#8243;][vc_column_text]<div class=\"atp-services iva_anim center\"  data-animation=\"fadeInUp\" ><div class=\"serviceIcn_style1\"><div class=\"services-icon\"><i class=\"services_icon1 pe-2x pe-fw pe-7s-pendrive pe-5x\" style=\"color:#7f8c8d;\"><\/i><\/div><div class=\"services-content\" ><h3 >Productos digitales<\/h3>Almacena tus bienes digitales como televisores, armarios, monitores, impresoras, etc.<\/div><\/div><\/div>[\/vc_column_text][vc_column_text]<div class=\"atp-services iva_anim center\"  data-animation=\"fadeInUp\" ><div class=\"serviceIcn_style1\"><div class=\"services-icon\"><i class=\"services_icon1 pe-2x pe-fw pe-7s-cash pe-5x\" style=\"color:#1abc9c;\"><\/i><\/div><div class=\"services-content\" ><h3 >Precios m\u00e1s bajos<\/h3>Precios asequibles seg\u00fan tus necesidades.<\/div><\/div><\/div>[\/vc_column_text][\/vc_column_inner][vc_column_inner width=\u00bb1\/4&#8243;][vc_column_text css=\u00bb\u00bb]<div class=\"atp-services iva_anim center\"  data-animation=\"fadeInUp\" ><div class=\"serviceIcn_style1\"><div class=\"services-icon\"><i class=\"services_icon1 pe-2x pe-fw pe-7s-clock pe-5x\" style=\"color:#2ecc71;\"><\/i><\/div><div class=\"services-content\" ><h3 >6\/7 Unidades Disponibles<\/h3>Estamos a tu disposici\u00f3n en todo momento y te atenderemos mejor.<\/div><\/div><\/div>[\/vc_column_text][vc_column_text css=\u00bb\u00bb]<div class=\"atp-services iva_anim center\"  data-animation=\"fadeInUp\" ><div class=\"serviceIcn_style1\"><div class=\"services-icon\"><i class=\"services_icon1 pe-2x pe-fw pe-7s-safe pe-5x\" style=\"color:#c0392b;\"><\/i><\/div><div class=\"services-content\" ><h3 >Lockers<\/h3>Las taquillas proporcionan un almacenamiento seguro para los objetos de valor dentro de las instalaciones.<\/div><\/div><\/div>[\/vc_column_text][\/vc_column_inner][vc_column_inner width=\u00bb1\/4&#8243;][vc_column_text]<div class=\"atp-services iva_anim center\"  data-animation=\"fadeInUp\" ><div class=\"serviceIcn_style1\"><div class=\"services-icon\"><i class=\"services_icon1 pe-2x pe-fw pe-7s-umbrella pe-5x\" style=\"color:#3498db;\"><\/i><\/div><div class=\"services-content\" ><h3 >Almacenamiento en casa<\/h3>Almacena f\u00e1cilmente todos los productos y peque\u00f1os electrodom\u00e9sticos que necesites para tu hogar.<\/div><\/div><\/div>[\/vc_column_text][vc_column_text css=\u00bb\u00bb]<div class=\"atp-services iva_anim center\"  data-animation=\"fadeInUp\" ><div class=\"serviceIcn_style1\"><div class=\"services-icon\"><i class=\"services_icon1 pe-2x pe-fw pe-7s-car pe-5x\" style=\"color:#d35400;\"><\/i><\/div><div class=\"services-content\" ><h3 >Aparcamiento general<\/h3>Las zonas generales de aparcamiento rodean las instalaciones para facilitar el acceso.<\/div><\/div><\/div>[\/vc_column_text][\/vc_column_inner][vc_column_inner width=\u00bb1\/4&#8243;][vc_column_text css=\u00bb\u00bb]<img loading=\"lazy\" decoding=\"async\" class=\"aligncenter wp-image-4951\" src=\"http:\/\/www.microselfstorage.co\/wp-content\/uploads\/2024\/11\/cctv-camera-150x150.png\" alt=\"\" width=\"75\" height=\"75\" srcset=\"https:\/\/www.microselfstorage.co\/wp-content\/uploads\/2024\/11\/cctv-camera-150x150.png 150w, https:\/\/www.microselfstorage.co\/wp-content\/uploads\/2024\/11\/cctv-camera-300x300.png 300w, https:\/\/www.microselfstorage.co\/wp-content\/uploads\/2024\/11\/cctv-camera-100x100.png 100w, https:\/\/www.microselfstorage.co\/wp-content\/uploads\/2024\/11\/cctv-camera.png 512w\" sizes=\"auto, (max-width: 75px) 100vw, 75px\" \/><\/p>\n<h6><\/h6>\n<h6 style=\"text-align: center;\"><strong>Vigilancia digital<\/strong><\/h6>\n<p style=\"text-align: center;\">Los sistemas de vigilancia digital mejoran la seguridad del autoalmacenamiento mediante la supervisi\u00f3n por v\u00eddeo<\/p>\n[\/vc_column_text][vc_column_text css=\u00bb\u00bb]<div class=\"atp-services iva_anim center\"  data-animation=\"fadeInUp\" ><div class=\"serviceIcn_style1\"><div class=\"services-icon\"><i class=\"services_icon1 pe-2x pe-fw pe-7s-box2 pe-5x\" style=\"color:#f39c12;\"><\/i><\/div><div class=\"services-content\" ><h3 >Almacenamiento en cajas<\/h3>Almacena todas tus cajas de pl\u00e1stico grandes y peque\u00f1as sin termitas.<\/div><\/div><\/div>[\/vc_column_text][\/vc_column_inner][\/vc_row_inner][\/vc_column][\/vc_row]\n<\/div>","protected":false},"excerpt":{"rendered":"<p>[vc_row full_width=\u00bbstretch_row\u00bb css=\u00bb.vc_custom_1727884092540{padding-top: 80px !important;padding-bottom: 80px !important;background-color: #293995 !important;}\u00bb][vc_column][vc_column_text css=\u00bb\u00bb] El Espacio Extra que Necesitas, con la Protecci\u00f3n que Mereces Microselfstorage es tu soluci\u00f3n de confianza para un almacenamiento c\u00f3modo y seguro en Sos\u00faa, Rep\u00fablica Dominicana. Tanto si est\u00e1s reduciendo tu tama\u00f1o, mud\u00e1ndote o simplemente necesitas espacio extra, nuestras modernas instalaciones ofrecen una variedad de [&hellip;]<\/p>\n","protected":false},"author":2,"featured_media":0,"parent":0,"menu_order":0,"comment_status":"closed","ping_status":"closed","template":"","meta":{"_joinchat":[],"footnotes":""},"class_list":["post-4608","page","type-page","status-publish","hentry"],"_links":{"self":[{"href":"https:\/\/www.microselfstorage.co\/es\/wp-json\/wp\/v2\/pages\/4608","targetHints":{"allow":["GET"]}}],"collection":[{"href":"https:\/\/www.microselfstorage.co\/es\/wp-json\/wp\/v2\/pages"}],"about":[{"href":"https:\/\/www.microselfstorage.co\/es\/wp-json\/wp\/v2\/types\/page"}],"author":[{"embeddable":true,"href":"https:\/\/www.microselfstorage.co\/es\/wp-json\/wp\/v2\/users\/2"}],"replies":[{"embeddable":true,"href":"https:\/\/www.microselfstorage.co\/es\/wp-json\/wp\/v2\/comments?post=4608"}],"version-history":[{"count":132,"href":"https:\/\/www.microselfstorage.co\/es\/wp-json\/wp\/v2\/pages\/4608\/revisions"}],"predecessor-version":[{"id":5160,"href":"https:\/\/www.microselfstorage.co\/es\/wp-json\/wp\/v2\/pages\/4608\/revisions\/5160"}],"wp:attachment":[{"href":"https:\/\/www.microselfstorage.co\/es\/wp-json\/wp\/v2\/media?parent=4608"}],"curies":[{"name":"wp","href":"https:\/\/api.w.org\/{rel}","templated":true}]}}