{"id":4598,"date":"2016-07-01T17:29:53","date_gmt":"2016-07-01T13:29:53","guid":{"rendered":"https:\/\/sosuastorage.cloudnine.com.do\/sobre-nosotros-2\/"},"modified":"2025-12-17T23:34:23","modified_gmt":"2025-12-17T19:34:23","slug":"sobre-nosotros-2","status":"publish","type":"page","link":"https:\/\/www.microselfstorage.co\/es\/sobre-nosotros-2\/","title":{"rendered":"Nosotros"},"content":{"rendered":"<div class=\"wpb-content-wrapper\">[vc_row full_width=\u00bbstretch_row\u00bb content_type=\u00bbfull_width_bg_content\u00bb pattern=\u00bb\u00bb padding_top=\u00bb100&#8243; padding_bottom=\u00bb100&#8243; bgcolor=\u00bb#e2e2e2&#8243; el_class=\u00bbvc_row\u00bb css=\u00bb.vc_custom_1473250395064{padding-top: 60px !important;padding-bottom: 30px !important;}\u00bb][vc_column width=\u00bb1\/2&#8243;][vc_column_text css=\u00bb\u00bb]\n<h4 style=\"font-weight: 800;\">Nuestra empresa<\/h4>\n<p>Todo lo que hacemos gira en torno al objetivo de convertirnos en el mejor almac\u00e9n para nuestros clientes locales. Nuestra misi\u00f3n diaria es proporcionar una experiencia f\u00e1cil, segura y profesional, porque creemos que te mereces lo mejor cuando almacenas tus posesiones m\u00e1s importantes. Nos comprometemos a mantener unas instalaciones que destaquen tanto por su <g id=\"gid_0\">seguridad de vanguardia<\/g> como por <g id=\"gid_1\">su impecable limpieza<\/g>. Nuestra promesa es ofrecer un nivel superior de servicio que respete tu tiempo y tu intimidad, consolidando nuestra reputaci\u00f3n como la <b>soluci\u00f3n de almacenamiento<\/b> m\u00e1s dedicada y <b>de mayor calidad<\/b> de la zona.   <\/p>\n\n<ul class=\"iva-checklist iva-liststyle1\">\n<li class=\"iva-li-item-content\"><span class=\"icon-wrapper \"><i class=\"fa fa-fw fa-check\"  style=\"color:#DB440F;\"><\/i><\/span>Instalaciones limpias y seguras<\/li>\n<li class=\"iva-li-item-content\"><span class=\"icon-wrapper \"><i class=\"fa fa-fw fa-check\"  style=\"color:#DB440F;\"><\/i><\/span>Opciones flexibles de almacenamiento<\/li>\n<li class=\"iva-li-item-content\"><span class=\"icon-wrapper \"><i class=\"fa fa-fw fa-check\"  style=\"color:#DB440F;\"><\/i><\/span>Ubicaci\u00f3n pr\u00e1ctica<\/li>\n<li class=\"iva-li-item-content\"><span class=\"icon-wrapper \"><i class=\"fa fa-fw fa-check\"  style=\"color:#DB440F;\"><\/i><\/span>Tarifas asequibles<\/li>\n<\/ul>\n<p>&nbsp;<\/p>\n<span style=\"font-weight: 400;\">En MicroSelfStorage, nos comprometemos a ofrecer un servicio de atenci\u00f3n al cliente excepcional y a garantizar la satisfacci\u00f3n de nuestros clientes. Ponte en contacto con nosotros hoy mismo para obtener m\u00e1s informaci\u00f3n sobre nuestras soluciones de almacenamiento y reservar tu unidad. <\/span><\/p>\n<div id=\"gtx-trans\" style=\"position: absolute; left: 85px; top: 336.547px;\">\n<div class=\"gtx-trans-icon\"><\/div>\n<\/div>\n[\/vc_column_text][\/vc_column][vc_column width=\u00bb1\/2&#8243;][vc_single_image image=\u00bb4805&#8243; img_size=\u00bbfull\u00bb css=\u00bb.vc_custom_1729189109212{padding-top: 10px !important;padding-right: 10px !important;padding-bottom: 10px !important;padding-left: 10px !important;}\u00bb][\/vc_column][\/vc_row][vc_row css=\u00bb.vc_custom_1473250411947{padding-bottom: 30px !important;}\u00bb][vc_column width=\u00bb1\/2&#8243;][vc_row_inner][vc_column_inner width=\u00bb1\/2&#8243;][vc_single_image image=\u00bb3587&#8243; img_size=\u00bbfull\u00bb][\/vc_column_inner][vc_column_inner width=\u00bb1\/2&#8243;][vc_column_text css=\u00bb\u00bb]\n<h5 style=\"font-weight: 600;\">Nuestra misi\u00f3n<\/h5>\n<p data-sourcepos=\"3:1-3:148\">Proporcionar soluciones de autoalmacenamiento seguras, c\u00f3modas y asequibles que superen las expectativas de nuestros clientes en Sos\u00faa, Rep\u00fablica Dominicana.<\/p>\n<div class=\"container\"><\/div>\n<h2 data-sourcepos=\"5:1-5:40\"><\/h2>\n[\/vc_column_text][\/vc_column_inner][\/vc_row_inner][\/vc_column][vc_column width=\u00bb1\/2&#8243;][vc_row_inner][vc_column_inner width=\u00bb1\/2&#8243;][vc_single_image image=\u00bb3586&#8243; img_size=\u00bbfull\u00bb][\/vc_column_inner][vc_column_inner width=\u00bb1\/2&#8243;][vc_column_text css=\u00bb\u00bb]\n<h5 style=\"font-weight: 600;\">Nuestra visi\u00f3n<\/h5>\n<p>Ser el proveedor l\u00edder de servicios de autoalmacenamiento en Sos\u00faa, con instalaciones de \u00faltima generaci\u00f3n y el compromiso de satisfacer las necesidades cambiantes de nuestra comunidad.[\/vc_column_text][\/vc_column_inner][\/vc_row_inner][\/vc_column][\/vc_row][vc_row full_width=\u00bbstretch_row\u00bb content_type=\u00bbfull_width_bg_content\u00bb pattern=\u00bb\u00bb bg_position=\u00bbcenter_center\u00bb bg_attachment=\u00bbparallax\u00bb bg_repeat=\u00bbno-repeat\u00bb img_opacity=\u00bb0.6&#8243; bgcolor=\u00bb#000000&#8243; bgimage=\u00bb151&#8243; padding_top=\u00bb150&#8243; padding_bottom=\u00bb150&#8243; textcolor=\u00bb#ffffff\u00bb el_class=\u00bbvc_row\u00bb css=\u00bb.vc_custom_1727802538258{padding-top: 60px !important;padding-bottom: 60px !important;background-color: #293995 !important;}\u00bb][vc_column][vc_column_text css=\u00bb\u00bb]<div class=\"at-callOutBox\"  style=\"padding-top: 50px;padding-bottom: 50px;\"><div class=\"at-callOut_inner\"><div class=\"at-callOut-action\"><div class=\"at-callOut_text\"><div class=\"at-callout-action-icon-holder\"><i class=\"fa pe-7s-safe pe-5x \" style=\"color: #ffffff;\"><\/i><\/div><div class=\"at-callout-action-text\"  style=\"font-size:30px;color:#ffffff;font-weight:600;\" >Almacenamiento residencial<div class=\"at-callout-action-subtext\"  >Existing tenants can get 1 month free.<\/div><\/div><\/div><div class=\"at-callOut_btn\"><div class=\"at-callout-action-button\"><a href=\"https:\/\/www.microselfstorage.co\/booking\/\" class=\"btn xlarge\"  style=\"color: #ffffff;background-color: #db4410;\" data-btn-bg=#db4410 data-btn-color=#ffffff data-btn-hoverBg=#db4410 ><span class=\"btn-text\">Book Your Unit Now<\/span><\/a><\/div><\/div><\/div><\/div><\/div>[\/vc_column_text][\/vc_column][\/vc_row][vc_row css=\u00bb.vc_custom_1473253693175{padding-top: 30px !important;padding-bottom: 30px !important;}\u00bb][vc_column width=\u00bb1\/3&#8243;][vc_column_text css=\u00bb.vc_custom_1765999484426{padding-bottom: 30px !important;}\u00bb]<div  data-animation=\"Select Animation\" class=\"at-person-v6  iva_anim bio \"><div class=\"at-person-v6-img\"><img decoding=\"async\" src=\"http:\/\/www.microselfstorage.co\/wp-content\/uploads\/2025\/12\/zoe-clement-foto.jpg\" atl=\"Zoe C.\" \/><\/div><h4>Zoe C.<\/h4><h6 >CEO<\/h6><\/div><div class=\"clear\"><\/div>[\/vc_column_text][\/vc_column][vc_column width=\u00bb2\/3&#8243;][vc_column_text css=\u00bb.vc_custom_1765999545736{padding-bottom: 30px !important;}\u00bb]&nbsp;<\/p>\n<p>&nbsp;<\/p>\n<p>&nbsp;<\/p>\n<p>La Rep\u00fablica Dominicana ha sido mi verdadero hogar desde que llegu\u00e9 hace 16 a\u00f1os, a la edad de nueve. Al crecer aqu\u00ed, y con mi familia dirigiendo otro negocio local, desarroll\u00e9 un fuerte compromiso con esta comunidad. Cuando pusimos en marcha este almac\u00e9n hace casi un a\u00f1o, lo hicimos con un objetivo claro: ofrecer a nuestros vecinos un servicio superior en el que pudieran confiar. Estamos comprometidos con un est\u00e1ndar inquebrantable de <g id=\"gid_0\">privacidad, seguridad robusta y limpieza inigualable<\/g>, estableciendo un nuevo y m\u00e1s alto punto de referencia para el autoalmacenamiento en la zona. Nos sentimos inmensamente orgullosos de proteger tus pertenencias con la calidad y el cuidado que merece nuestra comunidad.[\/vc_column_text][\/vc_column][\/vc_row][vc_row full_width=\u00bbstretch_row\u00bb css=\u00bb.vc_custom_1473258812879{padding-top: 60px !important;padding-bottom: 0px !important;background-color: #f7f7f7 !important;}\u00bb][vc_column width=\u00bb1\/3&#8243; el_class=\u00bbalignleft\u00bb][vc_single_image image=\u00bb3596&#8243; img_size=\u00bbfull\u00bb css=\u00bb.vc_custom_1473258956007{margin-top: -40px !important;margin-bottom: 0px !important;}\u00bb][\/vc_column][vc_column width=\u00bb2\/3&#8243;][vc_column_text]\n<h2>Caracter\u00edsticas y ventajas<\/h2>\n[\/vc_column_text][vc_row_inner][vc_column_inner width=\u00bb1\/2&#8243;][vc_column_text css=\u00bb\u00bb]\n<ul class=\"iva-checklist iva-liststyle1\">\n<li class=\"iva-li-item-content\"><span class=\"icon-wrapper \"><i class=\"fa fa-fw fa-check\"  style=\"color:#DB440F;\"><\/i><\/span>Vigilancia de seguridad 24 horas<\/li>\n<li class=\"iva-li-item-content\"><span class=\"icon-wrapper \"><i class=\"fa fa-fw fa-check\"  style=\"color:#DB440F;\"><\/i><\/span>Sistema de vigilancia digital<\/li>\n<li class=\"iva-li-item-content\"><span class=\"icon-wrapper \"><i class=\"fa fa-fw fa-check\"  style=\"color:#DB440F;\"><\/i><\/span>Acceso 6 D\u00edas a la Semana<\/li>\n<li class=\"iva-li-item-content\"><span class=\"icon-wrapper \"><i class=\"fa fa-fw fa-check\"  style=\"color:#DB440F;\"><\/i><\/span>Los Domingos y Festivos Nacionales el Edificio Permanece Cerrado.<\/li>\n<li class=\"iva-li-item-content\"><span class=\"icon-wrapper \"><i class=\"fa fa-fw fa-check\"  style=\"color:#DB440F;\"><\/i><\/span>Puerta de acceso electr\u00f3nica<\/li>\n<li class=\"iva-li-item-content\"><span class=\"icon-wrapper \"><i class=\"fa fa-fw fa-check\"  style=\"color:#DB440F;\"><\/i><\/span>Unidades climatizadas<\/li>\n<li class=\"iva-li-item-content\"><span class=\"icon-wrapper \"><i class=\"fa fa-fw fa-check\"  style=\"color:#DB440F;\"><\/i><\/span>Almac\u00e9n Interior, con Acceso Limitado<\/li>\n<li class=\"iva-li-item-content\"><span class=\"icon-wrapper \"><i class=\"fa fa-fw fa-check\"  style=\"color:#DB440F;\"><\/i><\/span>Personal amable y profesional<\/li>\n<li class=\"iva-li-item-content\"><span class=\"icon-wrapper \"><i class=\"fa fa-fw fa-check\"  style=\"color:#DB440F;\"><\/i><\/span>A\u00fan No se Aceptan Tarjetas de Cr\u00e9dito<\/li>\n<\/ul>\n\n<div id=\"gtx-trans\" style=\"position: absolute; left: 49px; top: 294px;\">\n<div class=\"gtx-trans-icon\"><\/div>\n<\/div>\n[\/vc_column_text][\/vc_column_inner][vc_column_inner width=\u00bb1\/2&#8243;][vc_column_text css=\u00bb\u00bb]\n<ul class=\"iva-checklist iva-liststyle1\">\n<li class=\"iva-li-item-content\"><span class=\"icon-wrapper \"><i class=\"fa fa-fw fa-check\"  style=\"color:#DB440F;\"><\/i><\/span>Alquileres Mes a Mes<\/li>\n<li class=\"iva-li-item-content\"><span class=\"icon-wrapper \"><i class=\"fa fa-fw fa-check\"  style=\"color:#DB440F;\"><\/i><\/span>Calzadas anchas<\/li>\n<li class=\"iva-li-item-content\"><span class=\"icon-wrapper \"><i class=\"fa fa-fw fa-check\"  style=\"color:#DB440F;\"><\/i><\/span>Unidades de planta baja<\/li>\n<li class=\"iva-li-item-content\"><span class=\"icon-wrapper \"><i class=\"fa fa-fw fa-check\"  style=\"color:#DB440F;\"><\/i><\/span>Control de plagas<\/li>\n<li class=\"iva-li-item-content\"><span class=\"icon-wrapper \"><i class=\"fa fa-fw fa-check\"  style=\"color:#DB440F;\"><\/i><\/span>Acceso en coche<\/li>\n<li class=\"iva-li-item-content\"><span class=\"icon-wrapper \"><i class=\"fa fa-fw fa-check\"  style=\"color:#DB440F;\"><\/i><\/span>Almacenamiento de motos y veh\u00edculos de dos ruedas<\/li>\n<li class=\"iva-li-item-content\"><span class=\"icon-wrapper \"><i class=\"fa fa-fw fa-check\"  style=\"color:#DB440F;\"><\/i><\/span>Aparcamiento general alrededor de las instalaciones<\/li>\n<\/ul>\n\n<div id=\"gtx-trans\" style=\"position: absolute; left: 49px; top: 199px;\">\n<div class=\"gtx-trans-icon\"><\/div>\n<\/div>\n[\/vc_column_text][\/vc_column_inner][\/vc_row_inner][\/vc_column][\/vc_row]\n<\/div>","protected":false},"excerpt":{"rendered":"<p>[vc_row full_width=\u00bbstretch_row\u00bb content_type=\u00bbfull_width_bg_content\u00bb pattern=\u00bb\u00bb padding_top=\u00bb100&#8243; padding_bottom=\u00bb100&#8243; bgcolor=\u00bb#e2e2e2&#8243; el_class=\u00bbvc_row\u00bb css=\u00bb.vc_custom_1473250395064{padding-top: 60px !important;padding-bottom: 30px !important;}\u00bb][vc_column width=\u00bb1\/2&#8243;][vc_column_text css=\u00bb\u00bb] Nuestra empresa Todo lo que hacemos gira en torno al objetivo de convertirnos en el mejor almac\u00e9n para nuestros clientes locales. Nuestra misi\u00f3n diaria es proporcionar una experiencia f\u00e1cil, segura y profesional, porque creemos que te mereces lo mejor cuando [&hellip;]<\/p>\n","protected":false},"author":2,"featured_media":0,"parent":0,"menu_order":0,"comment_status":"closed","ping_status":"closed","template":"","meta":{"_joinchat":[],"footnotes":""},"class_list":["post-4598","page","type-page","status-publish","hentry"],"_links":{"self":[{"href":"https:\/\/www.microselfstorage.co\/es\/wp-json\/wp\/v2\/pages\/4598","targetHints":{"allow":["GET"]}}],"collection":[{"href":"https:\/\/www.microselfstorage.co\/es\/wp-json\/wp\/v2\/pages"}],"about":[{"href":"https:\/\/www.microselfstorage.co\/es\/wp-json\/wp\/v2\/types\/page"}],"author":[{"embeddable":true,"href":"https:\/\/www.microselfstorage.co\/es\/wp-json\/wp\/v2\/users\/2"}],"replies":[{"embeddable":true,"href":"https:\/\/www.microselfstorage.co\/es\/wp-json\/wp\/v2\/comments?post=4598"}],"version-history":[{"count":34,"href":"https:\/\/www.microselfstorage.co\/es\/wp-json\/wp\/v2\/pages\/4598\/revisions"}],"predecessor-version":[{"id":5352,"href":"https:\/\/www.microselfstorage.co\/es\/wp-json\/wp\/v2\/pages\/4598\/revisions\/5352"}],"wp:attachment":[{"href":"https:\/\/www.microselfstorage.co\/es\/wp-json\/wp\/v2\/media?parent=4598"}],"curies":[{"name":"wp","href":"https:\/\/api.w.org\/{rel}","templated":true}]}}