{"id":4583,"date":"2016-07-04T16:31:06","date_gmt":"2016-07-04T12:31:06","guid":{"rendered":"https:\/\/sosuastorage.cloudnine.com.do\/tipos-de-autoalmacenamiento\/"},"modified":"2024-12-17T19:22:02","modified_gmt":"2024-12-17T15:22:02","slug":"tipos-de-autoalmacenamiento","status":"publish","type":"page","link":"https:\/\/www.microselfstorage.co\/es\/tipos-de-autoalmacenamiento\/","title":{"rendered":"Tipos de Self Storage"},"content":{"rendered":"<div class=\"wpb-content-wrapper\">[vc_row][vc_column][vc_column_text css=\u00bb\u00bb]MicroSelfStorage es una soluci\u00f3n para todas tus necesidades de almacenamiento.<\/p>\n<p>Si necesitas guardarlo, tu centro de autoalmacenamiento local puede ofrecerte una soluci\u00f3n de almacenamiento asequible. Recuerda que con MicroSelfStorage t\u00fa te quedas con la llave, as\u00ed que t\u00fa controlas qui\u00e9n tiene acceso a tus bienes.[\/vc_column_text][\/vc_column][vc_column width=\u00bb1\/2&#8243; css=\u00bb.vc_custom_1578380454740{padding-bottom: 20px !important;}\u00bb][vc_single_image image=\u00bb4531&#8243; img_size=\u00bbfull\u00bb css=\u00bb.vc_custom_1728069379148{margin-bottom: 10px !important;}\u00bb][vc_column_text css=\u00bb\u00bb]\n<h4 style=\"font-weight: 600; margin-bottom: 10px;\">Storage Dom\u00e9stico<\/h4>\n<p><span style=\"font-weight: 400;\">Guarda con seguridad tus pertenencias, desde muebles y electrodom\u00e9sticos hasta objetos personales.<\/span><\/p>\n<p style=\"text-align: right;\"><a  href=\"https:\/\/www.microselfstorage.co\/es\/tipos-de-autoalmacenamiento\/almacenamiento-domestico\/\" style=\"\" class=\"btn  medium    \"><span class=\"btn-details\"><span class=\"btn-text\">Sigue leyendo<span class=\"btn-sub-text\"><\/span><\/span><\/span><\/a>\n[\/vc_column_text][\/vc_column][vc_column width=\u00bb1\/2&#8243; css=\u00bb.vc_custom_1467630824972{padding-bottom: 20px !important;}\u00bb][vc_single_image image=\u00bb4529&#8243; img_size=\u00bbfull\u00bb css=\u00bb.vc_custom_1728069400142{margin-bottom: 10px !important;}\u00bb][vc_column_text css=\u00bb\u00bb]\n<h4 style=\"font-weight: 600; margin-bottom: 10px;\">Storage de Equipajes a Largo Plazo<\/h4>\n<p><span style=\"font-weight: 400;\">Guarda c\u00f3modamente tu equipaje durante periodos prolongados, perfecto para viajeros o personas que se trasladan.<\/span><\/p>\n<p style=\"text-align: right;\"><a  href=\"https:\/\/sosuastorage.cloudnine.com.do\/self-storage-types\/luggage-long-term-storage\/\" style=\"\" class=\"btn  medium    \"><span class=\"btn-details\"><span class=\"btn-text\">Sigue leyendo<span class=\"btn-sub-text\"><\/span><\/span><\/span><\/a>\n[\/vc_column_text][\/vc_column][vc_column width=\u00bb1\/2&#8243; css=\u00bb.vc_custom_1467630839724{padding-bottom: 20px !important;}\u00bb][vc_single_image image=\u00bb4533&#8243; img_size=\u00bbfull\u00bb css=\u00bb.vc_custom_1728069416268{margin-bottom: 10px !important;}\u00bb][vc_column_text css=\u00bb\u00bb]\n<h4 style=\"font-weight: 600; margin-bottom: 10px;\">Storage de Material Deportivo<\/h4>\n<p><span style=\"font-weight: 400;\">Guarda tus tablas de surf, bicicletas y otros equipos deportivos sin ocupar un valioso espacio en casa.<\/span><\/p>\n<p style=\"text-align: right;\"><a  href=\"https:\/\/sosuastorage.cloudnine.com.do\/self-storage-types\/sport-equipment-storage\/\" style=\"\" class=\"btn  medium    \"><span class=\"btn-details\"><span class=\"btn-text\">Sigue leyendo<span class=\"btn-sub-text\"><\/span><\/span><\/span><\/a>\n[\/vc_column_text][\/vc_column][vc_column width=\u00bb1\/2&#8243; css=\u00bb.vc_custom_1467630846007{padding-bottom: 20px !important;}\u00bb][vc_single_image image=\u00bb4540&#8243; img_size=\u00bbfull\u00bb css=\u00bb.vc_custom_1728069570559{margin-bottom: 10px !important;}\u00bb][vc_column_text css=\u00bb\u00bb]\n<h4 style=\"font-weight: 600; margin-bottom: 10px;\"><b>Almacenamiento de veh\u00edculos de dos ruedas<\/b><\/h4>\n<p><span style=\"font-weight: 400;\">Mant\u00e9n tu moto o scooter segura y protegida en nuestra zona de aparcamiento designada.<\/span><\/p>\n<p style=\"text-align: right;\"><a  href=\"https:\/\/sosuastorage.cloudnine.com.do\/self-storage-types\/storing-two-wheeler-vehicles\/\" style=\"\" class=\"btn  medium    \"><span class=\"btn-details\"><span class=\"btn-text\">Sigue leyendo<span class=\"btn-sub-text\"><\/span><\/span><\/span><\/a>\n[\/vc_column_text][\/vc_column][\/vc_row]\n<\/div>","protected":false},"excerpt":{"rendered":"<p>[vc_row][vc_column][vc_column_text css=\u00bb\u00bb]MicroSelfStorage es una soluci\u00f3n para todas tus necesidades de almacenamiento. Si necesitas guardarlo, tu centro de autoalmacenamiento local puede ofrecerte una soluci\u00f3n de almacenamiento asequible. Recuerda que con MicroSelfStorage t\u00fa te quedas con la llave, as\u00ed que t\u00fa controlas qui\u00e9n tiene acceso a tus bienes.[\/vc_column_text][\/vc_column][vc_column width=\u00bb1\/2&#8243; css=\u00bb.vc_custom_1578380454740{padding-bottom: 20px !important;}\u00bb][vc_single_image image=\u00bb4531&#8243; img_size=\u00bbfull\u00bb css=\u00bb.vc_custom_1728069379148{margin-bottom: 10px !important;}\u00bb][vc_column_text [&hellip;]<\/p>\n","protected":false},"author":2,"featured_media":0,"parent":0,"menu_order":0,"comment_status":"closed","ping_status":"closed","template":"","meta":{"_joinchat":[],"footnotes":""},"class_list":["post-4583","page","type-page","status-publish","hentry"],"_links":{"self":[{"href":"https:\/\/www.microselfstorage.co\/es\/wp-json\/wp\/v2\/pages\/4583","targetHints":{"allow":["GET"]}}],"collection":[{"href":"https:\/\/www.microselfstorage.co\/es\/wp-json\/wp\/v2\/pages"}],"about":[{"href":"https:\/\/www.microselfstorage.co\/es\/wp-json\/wp\/v2\/types\/page"}],"author":[{"embeddable":true,"href":"https:\/\/www.microselfstorage.co\/es\/wp-json\/wp\/v2\/users\/2"}],"replies":[{"embeddable":true,"href":"https:\/\/www.microselfstorage.co\/es\/wp-json\/wp\/v2\/comments?post=4583"}],"version-history":[{"count":31,"href":"https:\/\/www.microselfstorage.co\/es\/wp-json\/wp\/v2\/pages\/4583\/revisions"}],"predecessor-version":[{"id":5137,"href":"https:\/\/www.microselfstorage.co\/es\/wp-json\/wp\/v2\/pages\/4583\/revisions\/5137"}],"wp:attachment":[{"href":"https:\/\/www.microselfstorage.co\/es\/wp-json\/wp\/v2\/media?parent=4583"}],"curies":[{"name":"wp","href":"https:\/\/api.w.org\/{rel}","templated":true}]}}