{"id":4582,"date":"2016-07-04T17:02:48","date_gmt":"2016-07-04T17:02:48","guid":{"rendered":"https:\/\/sosuastorage.cloudnine.com.do\/deposito-de-equipajes-a-largo-plazo\/"},"modified":"2024-12-10T01:32:34","modified_gmt":"2024-12-09T21:32:34","slug":"deposito-de-equipajes-a-largo-plazo","status":"publish","type":"page","link":"https:\/\/www.microselfstorage.co\/es\/tipos-de-autoalmacenamiento\/deposito-de-equipajes-a-largo-plazo\/","title":{"rendered":"Storage de Equipajes a Largo Plazo"},"content":{"rendered":"<div class=\"wpb-content-wrapper\">[vc_row][vc_column width=\u00bb1\/2&#8243;][vc_column_text css=\u00bb\u00bb]\n<p data-sourcepos=\"3:1-3:81\"><strong>Una soluci\u00f3n c\u00f3moda para viajeros y reubicadores<\/strong><\/p>\n<p data-sourcepos=\"5:1-5:391\">Si te embarcas en un viaje largo, te trasladas a otro pa\u00eds o simplemente necesitas un lugar donde guardar tus pertenencias mientras est\u00e1s fuera, el almacenamiento de equipaje a largo plazo te ofrece una soluci\u00f3n c\u00f3moda y segura. En MicroSelfStorage Sosua, comprendemos la importancia de tener un lugar fiable donde guardar tu equipaje de forma segura, y estamos aqu\u00ed para ofrecerte las mejores opciones de almacenamiento posibles. <\/p>\n<p data-sourcepos=\"14:1-14:23\"><strong>\u00bfQu\u00e9 puedes almacenar?<\/strong><\/p>\n<p data-sourcepos=\"14:1-14:23\">Nuestros servicios de almacenamiento de equipajes a largo plazo son ideales para guardar una gran variedad de objetos, entre ellos<\/p>\n<p data-sourcepos=\"30:1-30:123\">\n<ul class=\"iva-checklist iva-liststyle1\">\n<li class=\"iva-li-item-content\"><span class=\"icon-wrapper \"><i class=\"fa fa-fw fa-check\"  style=\"color:#ff8800;\"><\/i><\/span>Maletas<\/li>\n<li class=\"iva-li-item-content\"><span class=\"icon-wrapper \"><i class=\"fa fa-fw fa-check\"  style=\"color:#ff8800;\"><\/i><\/span>Mochilas<\/li>\n<li class=\"iva-li-item-content\"><span class=\"icon-wrapper \"><i class=\"fa fa-fw fa-check\"  style=\"color:#ff8800;\"><\/i><\/span>Bolsas de viaje<\/li>\n<li class=\"iva-li-item-content\"><span class=\"icon-wrapper \"><i class=\"fa fa-fw fa-check\"  style=\"color:#ff8800;\"><\/i><\/span>Objetos personales<\/li>\n<\/ul>\n\n<p>&nbsp;<\/p>\n<p><strong>\u00bfC\u00f3mo funciona?<\/strong><\/p>\n<p data-sourcepos=\"26:1-26:318\">Para guardar tu equipaje con nosotros, s\u00f3lo tienes que traer tus objetos a nuestras instalaciones y seleccionar una unidad de almacenamiento que se ajuste a tus necesidades. Te proporcionaremos un espacio de almacenamiento seguro y te ayudaremos con cualquier duda que puedas tener. Cuando est\u00e9s listo para recuperar tus pertenencias, s\u00f3lo tienes que ponerte en contacto con nosotros con antelaci\u00f3n para programar una hora de recogida.  <\/p>\n[\/vc_column_text][\/vc_column][vc_column width=\u00bb1\/2&#8243;][vc_single_image image=\u00bb4529&#8243; img_size=\u00bbfull\u00bb css=\u00bb\u00bb][vc_single_image image=\u00bb3564&#8243; img_size=\u00bb500*200&#8243;][\/vc_column][\/vc_row]\n<\/div>","protected":false},"excerpt":{"rendered":"<p>[vc_row][vc_column width=\u00bb1\/2&#8243;][vc_column_text css=\u00bb\u00bb] Una soluci\u00f3n c\u00f3moda para viajeros y reubicadores Si te embarcas en un viaje largo, te trasladas a otro pa\u00eds o simplemente necesitas un lugar donde guardar tus pertenencias mientras est\u00e1s fuera, el almacenamiento de equipaje a largo plazo te ofrece una soluci\u00f3n c\u00f3moda y segura. En MicroSelfStorage Sosua, comprendemos la importancia de [&hellip;]<\/p>\n","protected":false},"author":2,"featured_media":0,"parent":4583,"menu_order":0,"comment_status":"closed","ping_status":"closed","template":"","meta":{"_joinchat":[],"footnotes":""},"class_list":["post-4582","page","type-page","status-publish","hentry"],"_links":{"self":[{"href":"https:\/\/www.microselfstorage.co\/es\/wp-json\/wp\/v2\/pages\/4582","targetHints":{"allow":["GET"]}}],"collection":[{"href":"https:\/\/www.microselfstorage.co\/es\/wp-json\/wp\/v2\/pages"}],"about":[{"href":"https:\/\/www.microselfstorage.co\/es\/wp-json\/wp\/v2\/types\/page"}],"author":[{"embeddable":true,"href":"https:\/\/www.microselfstorage.co\/es\/wp-json\/wp\/v2\/users\/2"}],"replies":[{"embeddable":true,"href":"https:\/\/www.microselfstorage.co\/es\/wp-json\/wp\/v2\/comments?post=4582"}],"version-history":[{"count":7,"href":"https:\/\/www.microselfstorage.co\/es\/wp-json\/wp\/v2\/pages\/4582\/revisions"}],"predecessor-version":[{"id":5081,"href":"https:\/\/www.microselfstorage.co\/es\/wp-json\/wp\/v2\/pages\/4582\/revisions\/5081"}],"up":[{"embeddable":true,"href":"https:\/\/www.microselfstorage.co\/es\/wp-json\/wp\/v2\/pages\/4583"}],"wp:attachment":[{"href":"https:\/\/www.microselfstorage.co\/es\/wp-json\/wp\/v2\/media?parent=4582"}],"curies":[{"name":"wp","href":"https:\/\/api.w.org\/{rel}","templated":true}]}}