{"id":4573,"date":"2016-07-04T17:05:59","date_gmt":"2016-07-04T17:05:59","guid":{"rendered":"https:\/\/sosuastorage.cloudnine.com.do\/almacenamiento-de-material-deportivo\/"},"modified":"2024-12-10T01:33:42","modified_gmt":"2024-12-09T21:33:42","slug":"almacenamiento-de-material-deportivo","status":"publish","type":"page","link":"https:\/\/www.microselfstorage.co\/es\/tipos-de-autoalmacenamiento\/almacenamiento-de-material-deportivo\/","title":{"rendered":"Storage de Material Deportivo"},"content":{"rendered":"<div class=\"wpb-content-wrapper\">[vc_row][vc_column width=\u00bb1\/2&#8243;][vc_column_text css=\u00bb\u00bb]\n<p data-sourcepos=\"3:1-3:62\"><strong>Guarda tu equipo deportivo con facilidad en MicroSelfStorage Sosua<\/strong><\/p>\n<p data-sourcepos=\"5:1-5:310\">Si eres un surfista apasionado, un ciclista \u00e1vido o un golfista dedicado, almacenar tu equipo deportivo puede ser un reto. En MicroSelfStorage Sosua, te ofrecemos una soluci\u00f3n c\u00f3moda y segura para guardar tu equipo deportivo, permiti\u00e9ndote centrarte en tu pasi\u00f3n sin preocuparte de d\u00f3nde guardarlo. <\/p>\n<p data-sourcepos=\"14:1-14:23\"><strong>\u00bfQu\u00e9 puedes almacenar?<\/strong><\/p>\n<p data-sourcepos=\"16:1-16:92\">Nuestros servicios de almacenamiento de material deportivo son ideales para guardar una amplia gama de art\u00edculos, entre ellos<\/p>\n<p data-sourcepos=\"16:1-16:92\">\n<ul class=\"iva-checklist iva-liststyle1\">\n<li class=\"iva-li-item-content\"><span class=\"icon-wrapper \"><i class=\"fa fa-fw fa-check\"  style=\"color:#ff8800;\"><\/i><\/span>Tablas de surf<\/li>\n<li class=\"iva-li-item-content\"><span class=\"icon-wrapper \"><i class=\"fa fa-fw fa-check\"  style=\"color:#ff8800;\"><\/i><\/span>Kitesurf<\/li>\n<li class=\"iva-li-item-content\"><span class=\"icon-wrapper \"><i class=\"fa fa-fw fa-check\"  style=\"color:#ff8800;\"><\/i><\/span>Bicicletas<\/li>\n<li class=\"iva-li-item-content\"><span class=\"icon-wrapper \"><i class=\"fa fa-fw fa-check\"  style=\"color:#ff8800;\"><\/i><\/span>Palos de golf<\/li>\n<li class=\"iva-li-item-content\"><span class=\"icon-wrapper \"><i class=\"fa fa-fw fa-check\"  style=\"color:#ff8800;\"><\/i><\/span>Kayaks<\/li>\n<li class=\"iva-li-item-content\"><span class=\"icon-wrapper \"><i class=\"fa fa-fw fa-check\"  style=\"color:#ff8800;\"><\/i><\/span>Tablas de p\u00e1del<\/li>\n<li class=\"iva-li-item-content\"><span class=\"icon-wrapper \"><i class=\"fa fa-fw fa-check\"  style=\"color:#ff8800;\"><\/i><\/span>Artes de pesca<\/li>\n<li class=\"iva-li-item-content\"><span class=\"icon-wrapper \"><i class=\"fa fa-fw fa-check\"  style=\"color:#ff8800;\"><\/i><\/span>Equipamiento de camping<\/li>\n<li class=\"iva-li-item-content\"><span class=\"icon-wrapper \"><i class=\"fa fa-fw fa-check\"  style=\"color:#ff8800;\"><\/i><\/span>Y mucho m\u00e1s.<\/li>\n<\/ul>\n\n<p data-sourcepos=\"33:1-33:267\">\n<p data-sourcepos=\"33:1-33:267\">En MicroSelfStorage Sosua, nos comprometemos a ofrecer un servicio de atenci\u00f3n al cliente excepcional y a garantizar la satisfacci\u00f3n de nuestros clientes. Si buscas un lugar fiable y asequible para guardar tu material deportivo, ponte en contacto con nosotros hoy mismo para obtener m\u00e1s informaci\u00f3n sobre nuestros servicios. <\/p>\n[\/vc_column_text][\/vc_column][vc_column width=\u00bb1\/2&#8243;][vc_single_image image=\u00bb4533&#8243; img_size=\u00bbfull\u00bb css=\u00bb\u00bb][vc_single_image image=\u00bb4547&#8243; img_size=\u00bbfull\u00bb css=\u00bb\u00bb][\/vc_column][\/vc_row]\n<\/div>","protected":false},"excerpt":{"rendered":"<p>[vc_row][vc_column width=\u00bb1\/2&#8243;][vc_column_text css=\u00bb\u00bb] Guarda tu equipo deportivo con facilidad en MicroSelfStorage Sosua Si eres un surfista apasionado, un ciclista \u00e1vido o un golfista dedicado, almacenar tu equipo deportivo puede ser un reto. En MicroSelfStorage Sosua, te ofrecemos una soluci\u00f3n c\u00f3moda y segura para guardar tu equipo deportivo, permiti\u00e9ndote centrarte en tu pasi\u00f3n sin preocuparte de [&hellip;]<\/p>\n","protected":false},"author":2,"featured_media":0,"parent":4583,"menu_order":0,"comment_status":"closed","ping_status":"closed","template":"","meta":{"_joinchat":[],"footnotes":""},"class_list":["post-4573","page","type-page","status-publish","hentry"],"_links":{"self":[{"href":"https:\/\/www.microselfstorage.co\/es\/wp-json\/wp\/v2\/pages\/4573","targetHints":{"allow":["GET"]}}],"collection":[{"href":"https:\/\/www.microselfstorage.co\/es\/wp-json\/wp\/v2\/pages"}],"about":[{"href":"https:\/\/www.microselfstorage.co\/es\/wp-json\/wp\/v2\/types\/page"}],"author":[{"embeddable":true,"href":"https:\/\/www.microselfstorage.co\/es\/wp-json\/wp\/v2\/users\/2"}],"replies":[{"embeddable":true,"href":"https:\/\/www.microselfstorage.co\/es\/wp-json\/wp\/v2\/comments?post=4573"}],"version-history":[{"count":9,"href":"https:\/\/www.microselfstorage.co\/es\/wp-json\/wp\/v2\/pages\/4573\/revisions"}],"predecessor-version":[{"id":5087,"href":"https:\/\/www.microselfstorage.co\/es\/wp-json\/wp\/v2\/pages\/4573\/revisions\/5087"}],"up":[{"embeddable":true,"href":"https:\/\/www.microselfstorage.co\/es\/wp-json\/wp\/v2\/pages\/4583"}],"wp:attachment":[{"href":"https:\/\/www.microselfstorage.co\/es\/wp-json\/wp\/v2\/media?parent=4573"}],"curies":[{"name":"wp","href":"https:\/\/api.w.org\/{rel}","templated":true}]}}