{"id":4572,"date":"2016-07-04T16:57:32","date_gmt":"2016-07-04T16:57:32","guid":{"rendered":"https:\/\/sosuastorage.cloudnine.com.do\/almacenamiento-domestico\/"},"modified":"2024-12-10T01:31:51","modified_gmt":"2024-12-09T21:31:51","slug":"almacenamiento-domestico","status":"publish","type":"page","link":"https:\/\/www.microselfstorage.co\/es\/tipos-de-autoalmacenamiento\/almacenamiento-domestico\/","title":{"rendered":"Storage Dom\u00e9stico"},"content":{"rendered":"<div class=\"wpb-content-wrapper\">[vc_row][vc_column width=\u00bb1\/2&#8243;][vc_column_text css=\u00bb\u00bb]En <strong> MicroSelfStorage <\/strong> tenemos suficiente espacio de almacenaje para que puedas guardar todas las cosas de tu casa sin ninguna duda. Todo lo que tienes que hacer es concertar una cita con nosotros, visitar nuestros almacenes, seleccionar el almac\u00e9n que desees. Y nosotros recogeremos tus bienes en la puerta de tu casa.  <\/p>\n\n<ul class=\"iva-checklist iva-liststyle1\">\n<li class=\"iva-li-item-content\"><span class=\"icon-wrapper \"><i class=\"fa fa-fw fa-check\"  style=\"color:#ff8800;\"><\/i><\/span>Espacio de almacenamiento peque\u00f1o a Larga<\/li>\n<li class=\"iva-li-item-content\"><span class=\"icon-wrapper \"><i class=\"fa fa-fw fa-check\"  style=\"color:#ff8800;\"><\/i><\/span>Taquillas separadas para cosas delicadas<\/li>\n<li class=\"iva-li-item-content\"><span class=\"icon-wrapper \"><i class=\"fa fa-fw fa-check\"  style=\"color:#ff8800;\"><\/i><\/span>B\u00f3vedas bien mantenidas<\/li>\n<li class=\"iva-li-item-content\"><span class=\"icon-wrapper \"><i class=\"fa fa-fw fa-check\"  style=\"color:#ff8800;\"><\/i><\/span>Atenci\u00f3n al cliente 24 horas<\/li>\n<li class=\"iva-li-item-content\"><span class=\"icon-wrapper \"><i class=\"fa fa-fw fa-check\"  style=\"color:#ff8800;\"><\/i><\/span>Desplazamiento m\u00e1s r\u00e1pido y seguro en las instalaciones<\/li>\n<\/ul>\n\n<p>Antes de tomar la decisi\u00f3n final sobre el tipo de c\u00e1mara acorazada que vas a elegir, consulta con nuestros expertos para que podamos ofrecerte una mejor visi\u00f3n de la c\u00e1mara acorazada que has elegido e informarte sobre nuestros planes de tarifas.<\/p>\n<p>Puedes ponerte en contacto con nuestro servicio de atenci\u00f3n al cliente si necesitas ayuda adicional para embalar tus cosas, tenemos un equipo perfecto para embalar tus cosas mucho m\u00e1s f\u00e1cil y r\u00e1pido. nuestra misi\u00f3n es proporcionarte lo mejor.[\/vc_column_text][\/vc_column][vc_column width=\u00bb1\/2&#8243;][vc_single_image image=\u00bb4531&#8243; img_size=\u00bbfull\u00bb css=\u00bb\u00bb][vc_single_image image=\u00bb4543&#8243; img_size=\u00bb500*270&#8243; css=\u00bb\u00bb][\/vc_column][\/vc_row]\n<\/div>","protected":false},"excerpt":{"rendered":"<p>[vc_row][vc_column width=\u00bb1\/2&#8243;][vc_column_text css=\u00bb\u00bb]En MicroSelfStorage tenemos suficiente espacio de almacenaje para que puedas guardar todas las cosas de tu casa sin ninguna duda. Todo lo que tienes que hacer es concertar una cita con nosotros, visitar nuestros almacenes, seleccionar el almac\u00e9n que desees. Y nosotros recogeremos tus bienes en la puerta de tu casa. Antes de [&hellip;]<\/p>\n","protected":false},"author":2,"featured_media":0,"parent":4583,"menu_order":0,"comment_status":"closed","ping_status":"closed","template":"","meta":{"_joinchat":[],"footnotes":""},"class_list":["post-4572","page","type-page","status-publish","hentry"],"_links":{"self":[{"href":"https:\/\/www.microselfstorage.co\/es\/wp-json\/wp\/v2\/pages\/4572","targetHints":{"allow":["GET"]}}],"collection":[{"href":"https:\/\/www.microselfstorage.co\/es\/wp-json\/wp\/v2\/pages"}],"about":[{"href":"https:\/\/www.microselfstorage.co\/es\/wp-json\/wp\/v2\/types\/page"}],"author":[{"embeddable":true,"href":"https:\/\/www.microselfstorage.co\/es\/wp-json\/wp\/v2\/users\/2"}],"replies":[{"embeddable":true,"href":"https:\/\/www.microselfstorage.co\/es\/wp-json\/wp\/v2\/comments?post=4572"}],"version-history":[{"count":6,"href":"https:\/\/www.microselfstorage.co\/es\/wp-json\/wp\/v2\/pages\/4572\/revisions"}],"predecessor-version":[{"id":5075,"href":"https:\/\/www.microselfstorage.co\/es\/wp-json\/wp\/v2\/pages\/4572\/revisions\/5075"}],"up":[{"embeddable":true,"href":"https:\/\/www.microselfstorage.co\/es\/wp-json\/wp\/v2\/pages\/4583"}],"wp:attachment":[{"href":"https:\/\/www.microselfstorage.co\/es\/wp-json\/wp\/v2\/media?parent=4572"}],"curies":[{"name":"wp","href":"https:\/\/api.w.org\/{rel}","templated":true}]}}