{"id":4571,"date":"2016-07-04T15:25:24","date_gmt":"2016-07-04T15:25:24","guid":{"rendered":"https:\/\/sosuastorage.cloudnine.com.do\/almacenamiento-faq\/"},"modified":"2024-10-10T19:13:14","modified_gmt":"2024-10-10T19:13:14","slug":"almacenamiento-faq","status":"publish","type":"page","link":"https:\/\/www.microselfstorage.co\/es\/almacenamiento-faq\/","title":{"rendered":"Almacenamiento FAQ"},"content":{"rendered":"<div class=\"wpb-content-wrapper\">[vc_row pattern=\u00bb\u00bb padding_top=\u00bb100&#8243; padding_bottom=\u00bb100&#8243; css=\u00bb.vc_custom_1473336206722{padding-top: 50px !important;padding-bottom: 50px !important;}\u00bb][vc_column width=\u00bb2\/3&#8243;][vc_column_text]\n<h3>Haz clic en cualquier pregunta para ver las respuestas.<\/h3>\n[\/vc_column_text][vc_column_text]<div  data-animation=\"fadeInLeft\" id=\"accordion168\" class=\"ac_wrap arrow iva_anim\"><div class=\"ac_title \"><span class=\"arrow\"><\/span><i class=\"fa fa-angle-right\"><\/i>\u00bfCu\u00e1ndo puedo mudarme aqu\u00ed?<\/div><div class=\"ac_content \">Depende de la disponibilidad del espacio que se ajuste a tus necesidades. Una vez confirmado, puedes instalarte en cualquier momento reservando tu cita.<br \/><\/div><div class=\"ac_title \"><span class=\"arrow\"><\/span><i class=\"fa fa-angle-right\"><\/i>\u00bfC\u00f3mo pago mi factura?<\/div><div class=\"ac_content \">Puedes pagar tu factura en efectivo o con tarjeta de d\u00e9bito o cr\u00e9dito. Nuestro servicio de atenci\u00f3n al cliente te guiar\u00e1 durante todo el proceso de pago.<\/div><div class=\"ac_title \"><span class=\"arrow\"><\/span><i class=\"fa fa-angle-right\"><\/i>\u00bfCu\u00e1l es mi responsabilidad si cambia mi direcci\u00f3n?<\/div><div class=\"ac_content \">Lo \u00fanico que tienes que hacer es facilitarnos las copias de tu direcci\u00f3n anterior y actual, nosotros nos encargaremos del resto.<br \/><\/div><div class=\"ac_title \"><span class=\"arrow\"><\/span><i class=\"fa fa-angle-right\"><\/i>\u00bfC\u00f3mo debo empaquetar mis cosas para guardarlas?<\/div><div class=\"ac_content \">Tenemos un equipo especialmente formado para embalar las mercanc\u00edas. Puedes pedir una cita o seguir nuestros consejos de embalaje y hacerlo por tu cuenta.<br \/><\/div><div class=\"ac_title \"><span class=\"arrow\"><\/span><i class=\"fa fa-angle-right\"><\/i>\u00bfQu\u00e9 formas de pago acept\u00e1is?<\/div><div class=\"ac_content \">Aceptamos todo tipo de m\u00e9todos de pago. Para cuestiones relacionadas con el pago, ponte en contacto con nuestro servicio de atenci\u00f3n al cliente, que te guiar\u00e1 durante todo el proceso de pago.<br \/><\/div><div class=\"ac_title \"><span class=\"arrow\"><\/span><i class=\"fa fa-angle-right\"><\/i>\u00bfC\u00f3mo traslado mis objetos?<\/div><div class=\"ac_content \">Una vez finalizado todo el embalaje, llama a nuestro ejecutivo y preg\u00fantale por la mudanza, nosotros te facilitaremos el transporte.<br \/><\/div><div class=\"ac_title \"><span class=\"arrow\"><\/span><i class=\"fa fa-angle-right\"><\/i>\u00bfHay art\u00edculos restringidos?<\/div><div class=\"ac_content \">S\u00ed, los objetos como armas de cualquier tipo est\u00e1n restringidos en el almac\u00e9n y tampoco se aceptan todos los materiales ilegales.<br \/><\/div><div class=\"ac_title \"><span class=\"arrow\"><\/span><i class=\"fa fa-angle-right\"><\/i>\u00bfQu\u00e9 pasa si olvido el c\u00f3digo de acceso a la puerta?<\/div><div class=\"ac_content \">Puedes restablecer tu c\u00f3digo de acceso verificando las pruebas de identidad que proporcionaste anteriormente. Una vez verificado, podr\u00e1s acceder a tu almac\u00e9n como antes.<br \/><\/div><\/div>[\/vc_column_text][\/vc_column][vc_column width=\u00bb1\/3&#8243;][vc_single_image image=\u00bb3583&#8243; img_size=\u00bbfull\u00bb][vc_single_image image=\u00bb3587&#8243; img_size=\u00bb500*800&#8243;][\/vc_column][\/vc_row]\n<\/div>","protected":false},"excerpt":{"rendered":"<p>[vc_row pattern=\u00bb\u00bb padding_top=\u00bb100&#8243; padding_bottom=\u00bb100&#8243; css=\u00bb.vc_custom_1473336206722{padding-top: 50px !important;padding-bottom: 50px !important;}\u00bb][vc_column width=\u00bb2\/3&#8243;][vc_column_text] Haz clic en cualquier pregunta para ver las respuestas. [\/vc_column_text][vc_column_text][\/vc_column_text][\/vc_column][vc_column width=\u00bb1\/3&#8243;][vc_single_image image=\u00bb3583&#8243; img_size=\u00bbfull\u00bb][vc_single_image image=\u00bb3587&#8243; img_size=\u00bb500*800&#8243;][\/vc_column][\/vc_row]<\/p>\n","protected":false},"author":2,"featured_media":0,"parent":0,"menu_order":0,"comment_status":"closed","ping_status":"closed","template":"","meta":{"_joinchat":[],"footnotes":""},"class_list":["post-4571","page","type-page","status-publish","hentry"],"_links":{"self":[{"href":"https:\/\/www.microselfstorage.co\/es\/wp-json\/wp\/v2\/pages\/4571","targetHints":{"allow":["GET"]}}],"collection":[{"href":"https:\/\/www.microselfstorage.co\/es\/wp-json\/wp\/v2\/pages"}],"about":[{"href":"https:\/\/www.microselfstorage.co\/es\/wp-json\/wp\/v2\/types\/page"}],"author":[{"embeddable":true,"href":"https:\/\/www.microselfstorage.co\/es\/wp-json\/wp\/v2\/users\/2"}],"replies":[{"embeddable":true,"href":"https:\/\/www.microselfstorage.co\/es\/wp-json\/wp\/v2\/comments?post=4571"}],"version-history":[{"count":4,"href":"https:\/\/www.microselfstorage.co\/es\/wp-json\/wp\/v2\/pages\/4571\/revisions"}],"predecessor-version":[{"id":4767,"href":"https:\/\/www.microselfstorage.co\/es\/wp-json\/wp\/v2\/pages\/4571\/revisions\/4767"}],"wp:attachment":[{"href":"https:\/\/www.microselfstorage.co\/es\/wp-json\/wp\/v2\/media?parent=4571"}],"curies":[{"name":"wp","href":"https:\/\/api.w.org\/{rel}","templated":true}]}}