{"id":4566,"date":"2016-07-04T17:04:12","date_gmt":"2016-07-04T17:04:12","guid":{"rendered":"https:\/\/sosuastorage.cloudnine.com.do\/almacenamiento-de-vehiculos-de-dos-ruedas\/"},"modified":"2024-12-10T01:32:55","modified_gmt":"2024-12-09T21:32:55","slug":"almacenamiento-de-vehiculos-de-dos-ruedas","status":"publish","type":"page","link":"https:\/\/www.microselfstorage.co\/es\/tipos-de-autoalmacenamiento\/almacenamiento-de-vehiculos-de-dos-ruedas\/","title":{"rendered":"Storage de veh\u00edculos de dos ruedas"},"content":{"rendered":"<div class=\"wpb-content-wrapper\">[vc_row][vc_column width=\u00bb1\/2&#8243;][vc_column_text css=\u00bb\u00bb]\n<p data-sourcepos=\"3:1-3:68\"><strong>Mant\u00e9n a salvo tu moto o scooter con MicroSelfStorage Sosua<\/strong><\/p>\n<p data-sourcepos=\"5:1-5:266\">Si eres el orgulloso propietario de una moto o scooter, encontrar un lugar seguro para guardarla puede ser todo un reto. En MicroSelfStorage Sosua, ofrecemos soluciones de almacenamiento c\u00f3modas y asequibles para veh\u00edculos de dos ruedas, garantizando que tu moto est\u00e9 siempre segura y protegida. <\/p>\n<p data-sourcepos=\"7:1-7:56\"><strong>\u00bfPor qu\u00e9 elegir nuestros servicios de almacenamiento de veh\u00edculos de dos ruedas?<\/strong><\/p>\n<ul data-sourcepos=\"9:1-13:0\">\n<li data-sourcepos=\"9:1-9:144\"><strong>Almacenamiento seguro:<\/strong> Nuestras instalaciones est\u00e1n equipadas con avanzadas medidas de seguridad para proteger tu veh\u00edculo de robos, vandalismo y otros peligros.<\/li>\n<li data-sourcepos=\"10:1-10:126\"><strong>Ubicaci\u00f3n c\u00f3moda:<\/strong> Estamos situados en una zona privilegiada de Sos\u00faa, lo que facilita el acceso a tu veh\u00edculo.<\/li>\n<li data-sourcepos=\"11:1-11:119\"><strong>Opciones de alquiler flexibles:<\/strong> Elige entre una variedad de plazos de arrendamiento para encontrar la soluci\u00f3n de almacenamiento perfecta para tus necesidades.<\/li>\n<li data-sourcepos=\"12:1-13:0\"><strong>Precios asequibles:<\/strong> Nuestros precios competitivos hacen que sea f\u00e1cil guardar tu moto o scooter sin arruinarte.<\/li>\n<\/ul>\n<p data-sourcepos=\"20:1-20:58\"><strong>Ventajas adicionales de nuestro dep\u00f3sito para veh\u00edculos de dos ruedas<\/strong><\/p>\n<ul data-sourcepos=\"22:1-25:0\">\n<li data-sourcepos=\"22:1-22:132\"><strong>Protege tu inversi\u00f3n:<\/strong> Guardar tu veh\u00edculo en un entorno seguro puede ayudarte a proteger tu inversi\u00f3n y mantener su valor.<\/li>\n<li data-sourcepos=\"23:1-23:85\"><strong>Libera espacio:<\/strong> Desordena tu garaje o la entrada de tu casa guardando la bici fuera.<\/li>\n<li data-sourcepos=\"24:1-25:0\"><strong>Disfruta de tranquilidad:<\/strong> Saber que tu veh\u00edculo est\u00e1 seguro y protegido puede darte tranquilidad y permitirte centrarte en disfrutar de tus paseos.<\/li>\n<\/ul>\n[\/vc_column_text][\/vc_column][vc_column width=\u00bb1\/2&#8243;][vc_single_image image=\u00bb4540&#8243; img_size=\u00bbfull\u00bb css=\u00bb\u00bb][vc_single_image image=\u00bb4550&#8243; img_size=\u00bbfull\u00bb css=\u00bb\u00bb][\/vc_column][\/vc_row]\n<\/div>","protected":false},"excerpt":{"rendered":"<p>[vc_row][vc_column width=\u00bb1\/2&#8243;][vc_column_text css=\u00bb\u00bb] Mant\u00e9n a salvo tu moto o scooter con MicroSelfStorage Sosua Si eres el orgulloso propietario de una moto o scooter, encontrar un lugar seguro para guardarla puede ser todo un reto. En MicroSelfStorage Sosua, ofrecemos soluciones de almacenamiento c\u00f3modas y asequibles para veh\u00edculos de dos ruedas, garantizando que tu moto est\u00e9 siempre [&hellip;]<\/p>\n","protected":false},"author":2,"featured_media":0,"parent":4583,"menu_order":0,"comment_status":"closed","ping_status":"closed","template":"","meta":{"_joinchat":[],"footnotes":""},"class_list":["post-4566","page","type-page","status-publish","hentry"],"_links":{"self":[{"href":"https:\/\/www.microselfstorage.co\/es\/wp-json\/wp\/v2\/pages\/4566","targetHints":{"allow":["GET"]}}],"collection":[{"href":"https:\/\/www.microselfstorage.co\/es\/wp-json\/wp\/v2\/pages"}],"about":[{"href":"https:\/\/www.microselfstorage.co\/es\/wp-json\/wp\/v2\/types\/page"}],"author":[{"embeddable":true,"href":"https:\/\/www.microselfstorage.co\/es\/wp-json\/wp\/v2\/users\/2"}],"replies":[{"embeddable":true,"href":"https:\/\/www.microselfstorage.co\/es\/wp-json\/wp\/v2\/comments?post=4566"}],"version-history":[{"count":6,"href":"https:\/\/www.microselfstorage.co\/es\/wp-json\/wp\/v2\/pages\/4566\/revisions"}],"predecessor-version":[{"id":5084,"href":"https:\/\/www.microselfstorage.co\/es\/wp-json\/wp\/v2\/pages\/4566\/revisions\/5084"}],"up":[{"embeddable":true,"href":"https:\/\/www.microselfstorage.co\/es\/wp-json\/wp\/v2\/pages\/4583"}],"wp:attachment":[{"href":"https:\/\/www.microselfstorage.co\/es\/wp-json\/wp\/v2\/media?parent=4566"}],"curies":[{"name":"wp","href":"https:\/\/api.w.org\/{rel}","templated":true}]}}